{"id":1024,"date":"2009-03-14T07:35:50","date_gmt":"2009-03-14T00:35:50","guid":{"rendered":"http:\/\/pontvk.org\/?page_id=1024"},"modified":"2013-11-29T11:38:27","modified_gmt":"2013-11-29T04:38:27","slug":"nang-c%e1%ba%a5p-dung-l%c6%b0%e1%bb%a3ng-d%e1%ba%adp-saloun-binh-thu%e1%ba%adn","status":"publish","type":"page","link":"https:\/\/pontvk.org\/?page_id=1024","title":{"rendered":"D\u1ef1 \u00e1n n\u00e2ng c\u1ea5p dung t\u00edch \u0111\u1eadp Saloun &#8211; B\u00ecnh Thu\u1eadn"},"content":{"rendered":"<h2 style=\"text-align: center;\"><span style=\"color: #0000ff;\"><strong>N\u00e2ng C\u1ea5p Dung<span style=\"color: #0000ff;\"> T<\/span><\/strong><\/span><span style=\"color: #0000ff;\">\u00edch <\/span><span style=\"color: #0000ff;\"><strong><span style=\"color: #0000ff;\">\u0110\u1eadp Salou<\/span>n &#8211; B\u00ecnh Thu\u1eadn<\/strong><\/span><\/h2>\n<h2 style=\"text-align: center;\"><span style=\"color: #0000ff;\"><strong>Thi\u1ebft k\u1ebf theo m\u00f4 h\u00ecnh \u00abKh\u1ed1i C\u1ea7u Ch\u00ec\u00bb<\/strong><\/span><\/h2>\n<p><em><span style=\"color: #0000ff;\"><span style=\"text-decoration: underline;\">L\u1eddi gi\u1edbi thi\u1ec7u<\/span> : Nh\u00f3m VK xin h\u00e2n h\u1ea1nh gi\u1edbi thi\u1ec7u v\u1edbi qu\u00ed v\u1ecb b\u1ea3n b\u00e1o c\u00e1o c\u1ee7a anh Michel H\u1ed3 T\u00e1 Khanh (th\u00e0nh vi\u00ean Ban C\u1ed1 V\u1ea5n c\u1ee7a Nh\u00f3m VK) v\u1ec1 d\u1ef1 \u00e1n anh v\u1eeba thi\u1ebft k\u1ebf, ho\u00e0n th\u00e0nh v\u00e0 t\u00e0i tr\u1ee3 kinh ph\u00ed t\u1ea1i x\u00e3 \u0110\u00f4ng Giang &#8211; Huy\u1ec7n H\u00e0m Thu\u1eadn B\u1eafc &#8211; T\u1ec9nh B\u00ecnh Thu\u1eadn.<\/span><\/em><\/p>\n<p style=\"text-align: left;\"><em><span style=\"color: #0000ff;\">\u0110\u1ec3 nh\u00ecn th\u1ea5y t\u1ea7m quan tr\u1ecdng c\u1ee7a c\u00f4ng tr\u00ecnh n\u00e0y, xin v\u1eafn t\u1eaft l\u1ea1i tr\u01b0\u1edbc \u0111\u00e2y <\/span><\/em><em><span style=\"color: #0000ff;\">l\u00e0 <\/span><\/em><em><span style=\"color: #0000ff;\">\u0111\u1eadp n\u00f4ng nghi\u1ec7p v\u1edbi h\u1ed3 ch\u1ee9a n\u01b0\u1edbc Saloun d\u1eabn n\u01b0\u1edbc t\u01b0\u1edbi cho 180 h\u00e9cta \u0111\u1ea5t canh t\u00e1c n\u00f4ng nghi\u1ec7p v\u00e0 c\u00e2y \u0103n tr\u00e1i nh\u01b0\u00a0: l\u00faa, b\u1eafp, thanh long&#8230; \u0110\u00e2y l\u00e0 ngu\u1ed3n n\u00f4ng s\u1ea3n ch\u00ednh c\u1ee7a x\u00e3 \u0110\u00f4ng Giang. M\u1ee5c ti\u00eau c\u1ee7a D\u1ef1 \u00c1n l\u00e0 n\u00e2ng cao dung<span style=\"color: #0000ff;\"> t<\/span><\/span><span style=\"color: #0000ff;\">\u00edch<\/span><\/em><em><span style=\"color: #0000ff;\"><span style=\"color: #0000ff;\"> h<\/span>\u1ed3 l\u00ean th\u00eam + 30%, ngh\u0129a l\u00e0 c\u00f3 th\u1ec3 d\u1eabn n\u01b0\u1edbc t\u01b0\u1edbi th\u00eam cho 60 <\/span><\/em><em><span style=\"color: #0000ff;\">h\u00e9cta <\/span><\/em><em><span style=\"color: #0000ff;\">\u0111\u1ea5t \u0111\u1ec3 canh t\u00e1c\u00a0!<\/span><\/em><\/p>\n<p style=\"text-align: left;\"><em><span style=\"color: #0000ff;\">N\u1ebfu d\u1ef1 \u00e1n n\u00e0y th\u00e0nh c\u00f4ng t\u1ed1t \u0111\u1eb9p, UBND Huy\u1ec7n H\u00e0m Thu\u1eadn B\u1eafc s\u1ebd \u00e1p d\u1ee5ng c\u00f4ng ngh\u1ec7 n\u00e0y cho 6 h\u1ed3 kh\u00e1c \u1edf trong huy\u1ec7n v\u00e0 d\u1ef1 t\u00ednh s\u1ebd qui ho\u1ea1ch v\u00f9ng h\u1ed3 n\u00e0y th\u00e0nh m\u1ed9t khu du l\u1ecbch sinh th\u00e1i v\u1edbi k\u1ebf ho\u1ea1ch \u0111\u1ecbnh c\u01b0 ng\u01b0\u1eddi th\u01b0\u1ee3ng, d\u00e2n t\u1ed9c K&#8217;Ho \u1edf \u0111\u00e2y, \u0111\u1ed3ng th\u1eddi ch\u1ec9 d\u1eabn cho h\u1ecd ti\u1ebfp c\u1eadn v\u1ec1 c\u00e1ch khai th\u00e1c c\u0169ng nh\u01b0 canh t\u00e1c ngh\u1ec1 n\u00f4ng.<\/span><\/em><\/p>\n<p style=\"text-align: right;\"><strong><span style=\"color: #0000ff;\">Nh\u00f3m VK<\/span><\/strong><\/p>\n<p style=\"text-align: left;\"><span style=\"color: #0000ff;\"><strong>T\u1ed5ng qu\u00e1t\u00a0:<\/strong><\/span><\/p>\n<p style=\"text-align: left;\"><span style=\"color: #0000ff;\">N\u01b0\u1edbc Vi\u1ec7t Nam ch\u1ecbu \u1ea3nh h\u01b0\u1edfng gi\u00f3 m\u00f9a, v\u1edbi nh\u1eefng m\u00f9a m\u01b0a l\u0169, m\u00f9a n\u1eafng th\u00ec kh\u00f4 ch\u00e1y, trong khi \u0111\u00f3 vi\u1ec7c tr\u1ed3ng l\u00faa l\u00e0 ngu\u1ed3n thu ho\u1ea1ch ch\u1ee7 l\u1ef1c v\u1ec1 n\u00f4ng nghi\u1ec7p. \u0110\u1ec3 t\u0103ng gia s\u1ea3n l\u01b0\u1ee3ng n\u00f4ng nghi\u1ec7p, vi\u1ec7c \u0111\u1ea7u ti\u00ean l\u00e0 ph\u1ea3i \u0111i\u1ec1u ch\u1ec9nh v\u00e0 n\u00e2ng c\u1ea5p h\u1ec7 th\u1ed1ng th\u1ee7y l\u1ee3i, m\u01b0\u01a1ng t\u01b0\u1edbi, m\u01b0\u01a1ng ti\u00eau v\u1edbi h\u1ed3 ch\u1ee9a n\u01b0\u1edbc hay nh\u1eefng \u0111\u1eadp n\u01b0\u1edbc t\u1ea1i v\u00f9ng \u0111\u1ea5t c\u00f3 th\u1ec3 canh t\u00e1c.<\/span><\/p>\n<p style=\"text-align: left;\"><span style=\"color: #0000ff;\">N\u01b0\u1edbc ta c\u00f3 r\u1ea5t nhi\u1ec1u \u0111\u1eadp n\u00f4ng nghi\u1ec7p nh\u1ecf c\u1ea7n \u0111\u01b0\u1ee3c n\u00e2ng c\u1ea5p v\u00ec l\u00fd do\u00a0:<\/span><\/p>\n<p style=\"text-align: left;\"><span style=\"color: #0000ff;\">&#8211; L\u00e0m t\u0103ng di\u1ec7n t\u00edch \u0111\u1ea5t<span style=\"color: #0000ff;\"> canh t\u00e1c cho b\u00e0 co<\/span>n n\u00f4ng d\u00e2n, nh\u1ea5t l\u00e0 ng\u01b0\u1eddi d\u00e2n t\u1ed9c v\u1ed1n c\u00f3 cu\u1ed9c s\u1ed1ng c\u00f2n ngh\u00e8o n\u00e0n, l\u1ea1c h\u1eadu&#8230;<\/span><span style=\"color: #0000ff;\"><br \/>\n&#8211; Dung <\/span><span style=\"color: #0000ff;\">t\u00edch <\/span><span style=\"color: #0000ff;\">nh\u1eefng h\u1ed3 ch\u1ee9a n\u01b0\u1edbc nh\u1ecf s\u1ebd b\u1ecb suy gi\u1ea3m d\u1ea7n v\u00ec s\u00ecnh l\u1ea7y l\u1eafng \u0111<\/span>\u1ecd<span style=\"color: #0000ff;\">ng<br \/>\n&#8211; L\u01b0u l\u01b0\u1ee3ng n\u01b0\u1edbc t\u01b0\u1edbi s\u1ebd \u0111\u01b0\u1ee3c t\u0103ng l\u00ean \u0111\u00e1ng k\u1ec3 so v\u1edbi \u00a0d\u1ef1 \u00e1n \u0111\u1ea7u ti\u00ean.<\/span><\/p>\n<p style=\"text-align: left;\"><span style=\"color: #0000ff;\">X\u00e2y \u0111\u1eadp n\u00f4ng nghi\u1ec7p v\u1edbi h\u1ed3 ch\u1ee9a n\u01b0\u1edbc t\u1ea7m c\u1ee1, \u0111\u00f2i h\u1ecfi v\u1ed1n \u0111\u1ea7u t\u01b0 kh\u00e1 cao. V\u00ec v\u1ea5n \u0111\u1ec1 t\u00e0i ch\u00ednh n\u00ean nh\u1eefng \u0111\u1eadp n\u00f4ng nghi\u1ec7p \u1edf huy\u1ec7n H\u00e0m Thu\u1eadn B\u1eafc \u0111\u1ec1u ph\u1ea3i x\u00e2y theo lo\u1ea1i h\u1ed3 nh\u1ecf .<\/span><\/p>\n<p style=\"text-align: left;\"><span style=\"color: #0000ff;\">\u0110\u1ec3 gi\u1ea3i quy\u1ebft v\u1ea5n \u0111\u1ec1 n\u00e0y, nhi\u1ec1u n\u0103m nay, Hydrocoop \u0111\u00e3 c\u00f3 nhi\u1ec1u \u0111\u1ec1 ngh\u1ecb c\u1ea3i ti\u1ebfn v\u1ec1 thi\u1ebft k\u1ebf k\u1ef9 thu\u1eadt. M\u1ed9t trong nh\u1eefng \u0111\u1ec1 ngh\u1ecb l\u00e0 thi\u1ebft k\u1ebf theo m\u00f4 h\u00ecnh \u00abKh\u1ed1i C\u1ea7u Ch\u00ec\u00bb, t\u1ee9c l\u00e0 nh\u1eefng kh\u1ed1i b\u1eb1ng b\u00ea t\u00f4ng theo m\u00f4 h\u00ecnh n\u00e0y s\u1ebd \u0111\u01b0\u1ee3c c\u00e0i \u0111\u1eb7t t<span style=\"color: #0000ff;\">r\u00ean ng<\/span><\/span><span style=\"color: #0000ff;\">\u01b0\u1ee1ng tr\u00e0n <\/span><span style=\"color: #0000ff;\"><span style=\"color: #0000ff;\">h\u1ed3 ch<\/span>\u1ee9a n\u01b0\u1edbc \u0111\u1ec3 t\u0103ng th\u00eam dun<span style=\"color: #0000ff;\">g t<\/span><\/span><span style=\"color: #0000ff;\">\u00edch <\/span><span style=\"color: #0000ff;\"><span style=\"color: #0000ff;\">h\u1ed3<\/span> ch\u1ee9a v\u00e0 \u0111\u1ed3ng th\u1eddi c\u00f3 kh\u1ea3 n\u0103ng th\u00e1o n\u01b0\u1edbc m\u1ed7i khi n\u01b0\u1edbc l\u0169 l\u00ean qu\u00e1 m\u1ee9c d\u1ef1 t\u00ednh.<\/span><\/p>\n<p style=\"text-align: left;\"><span style=\"color: #0000ff;\">Thi\u1ebft k\u1ebf theo m\u00f4 h\u00ecnh \u00abKh\u1ed1i C\u1ea7u Ch\u00ec\u00bb c\u00f3 r\u1ea5t nhi\u1ec1u ti\u1ec7n l\u1ee3i\u00a0:<\/span><\/p>\n<p style=\"text-align: left;\"><span style=\"color: #0000ff;\">&#8211; V\u1eadn h\u00e0nh t\u1ef1 \u0111\u1ed9ng, kh\u00f4ng c\u1ea7n \u0111\u1ebfn b\u1ed9 ph\u1eadn \u0111i\u1ec7n c\u01a1, c\u00f3 ngh\u0129a l\u00e0 r\u1ea5t ch\u1eafc ch\u1eafn<\/span><span style=\"color: #0000ff;\"><br \/>\n&#8211;\u00a0 Kh\u00f4ng \u0111\u00f2i h\u1ecfi kinh ph\u00ed nhi\u1ec1u \u0111\u1ec3 b\u1ea3o d\u01b0\u1ee1ng<br \/>\n<\/span><span style=\"color: #0000ff;\">&#8211; C\u1ea3i t\u1ea1o l\u1ea1i v\u00e0 thi c\u00f4ng d\u1ec5 d\u00e0ng v\u1edbi c\u1ea5u tr\u00fac \u0111\u00e3 c\u00f3 s\u1eb5n<br \/>\n&#8211; Th\u1ef1c hi\u1ec7n d\u1ef1 \u00e1n d\u1ec5 d\u00e0ng cho nh\u1eefng n\u01b0\u1edbc \u0111ang ph\u00e1t tri\u1ec3n v\u1edbi tr\u00ecnh \u0111\u1ed9 c\u00f4ng ng<span style=\"color: #0000ff;\">h\u1ec7 th<\/span><\/span><span style=\"color: #0000ff;\">\u1ea5p <\/span><span style=\"color: #0000ff;\"><span style=\"color: #0000ff;\">v\u00e0 chi ph\u00ed c\u00f4n<\/span>g nh\u00e2n th\u1ea5p <em>(kh\u00f4ng c\u00f3 v\u0103n b\u1eb1ng s\u00e1ng ch\u1ebf)<\/em><\/span><\/p>\n<p style=\"text-align: left;\"><span style=\"color: #0000ff;\"><strong><span style=\"text-decoration: underline;\">Th\u1eed nghi\u1ec7m Kh\u1ed1i C\u1ea7u Ch\u00ec \u1edf ph\u00f2ng th\u00ed nghi\u1ec7m<\/span> <\/strong>:<\/span><\/p>\n<p style=\"text-align: left;\"><span style=\"color: #0000ff;\">Nhi\u1ec1u cu\u1ed9c t<span style=\"color: #0000ff;\">h\u1eed nghi\u1ec7m tr\u00ean m\u00f4 h\u00ecnh thu nh\u1ecf \u0111\u00e3 \u0111\u01b0\u1ee3c th\u1ef1c hi\u1ec7n t\u1ea1i Ph\u00f2ng Th\u00ed Nghi\u1ec7m Th\u1ee7y L<\/span><\/span><span style=\"color: #0000ff;\">\u1ef1c c\u1ee7a Tr\u01b0\u1eddng \u0110\u1ea1i H\u1ecdc B\u00e1ch Khoa TP.HCM \u0111\u1ec3 so s\u00e1nh chi\u1ec1u cao c\u1ed9t n\u01b0\u1edbc theo t\u00ednh to\u00e1n v\u00e0 c\u1ed9t n\u01b0\u1edbc \u0111o theo th\u1ef1c nghi\u1ec7m khi nh\u1eefng Kh\u1ed1i c\u1ea7u Ch\u00ec b\u1ecb b\u1eadt ra \u0111\u1ec3 \u01b0\u1edbc l\u01b0\u1ee3ng ch\u00ednh x\u00e1c chi\u1ec1u cao c\u1ee7a c\u1ed9t n\u01b0\u1edbc.<\/span><\/p>\n<p style=\"text-align: left;\"><span style=\"color: #0000ff;\">Nh\u1eefng h\u00ecnh \u1ea3nh d\u01b0\u1edbi \u0111\u00e2y cho ta th\u1ea5y nh\u1eefng kh\u1ed1i c\u1ea7u ch\u00ec b\u1ecb b\u1eadt ra theo h\u01b0\u1edbng t\u1eeb \u00a0th\u01b0\u1ee3ng l\u01b0u xu\u1ed1ng\u00a0 h\u1ea1 l\u01b0u t\u00f9y theo chi\u1ec1u d\u00e0i c\u1ee7a m\u1ed7i kh\u1ed1i c\u1ea7u ch\u00ec v\u00e0 chi\u1ec1u cao c\u1ee7a c\u1ed9t n\u01b0\u1edbc.<\/span><\/p>\n<p style=\"text-align: center;\"><a href=\"https:\/\/pontvk.org\/wp-content\/uploads\/2008\/05\/93.jpg\"><img loading=\"lazy\" decoding=\"async\" class=\"aligncenter size-full wp-image-3319\" alt=\"93\" src=\"https:\/\/pontvk.org\/wp-content\/uploads\/2008\/05\/93.jpg\" width=\"494\" height=\"119\" \/><\/a><span style=\"color: #0000ff;\">Kh\u1ed1i C\u1ea7u Ch\u00ec \u0111\u01b0\u1ee3c th\u1eed nghi\u1ec7m t\u1ea1i Ph\u00f2ng Th\u00ed Nghi\u1ec7m<br \/>\n<\/span><span style=\"color: #0000ff;\">t\u1ea1i <\/span><span style=\"color: #0000ff;\">Tr\u01b0\u1eddng \u0110\u1ea1i H\u1ecdc <\/span><span style=\"color: #0000ff;\">B\u00e1ch Khoa<\/span><span style=\"color: #0000ff;\"> TP.HCM<\/span><\/p>\n<p style=\"text-align: left;\"><span style=\"color: #0000ff;\"><strong><span style=\"text-decoration: underline;\">D\u1ef1 \u00e1n Saloun<\/span> <\/strong>:<\/span><\/p>\n<p style=\"text-align: left;\"><span style=\"color: #0000ff;\">D\u1ef1 \u00c1n n\u00e2ng c\u1ea5p h\u1ed3 ch\u1ee9a n\u01b0\u1edbc Saloun (<em>X\u00e3 \u0110\u00f4ng Giang &#8211; Huy\u1ec7n H\u00e0m Thu\u1eadn B\u1eafc &#8211; T\u1ec9nh B\u00ecnh Thu\u1eadn<\/em>) \u0111\u01b0\u1ee3c thi\u1ebft k\u1ebf theo m\u00f4 h\u00ecnh \u00abKh\u1ed1i C\u1ea7u Ch\u00ec\u00a0\u00bb v\u00ec m\u00f4 h\u00ecnh n\u00e0y thi\u1ebft \u1ee9ng v\u1edbi \u0111i\u1ec1u ki\u1ec7n \u0111\u1eb7t ra\u00a0: \u0111i\u1ec1u ki\u1ec7n \u0111\u1ecba l\u00fd kh\u00e1 ph\u00f9 h\u1ee3p v\u00e0 \u0111\u00e1ng tin c\u1eady, v\u1ecb tr\u00ed h\u1ed3 xa khu d\u00e2n c\u01b0, kh\u00f4ng c\u00f3 ng\u01b0\u1eddi khai kh\u1ea9n n\u01a1i \u0111\u00e2y, \u0111\u1eadp tr\u00e0n n\u01b0\u1edbc \u0111\u00e3 c\u00f3 s\u1eb5n, kh\u00f4ng c\u1ea7n nhi\u1ec1u c\u1ea3i bi\u1ebfn v\u00e0 kinh ph\u00ed \u00edt t\u1ed1n k\u00e9m.<\/span><\/p>\n<p style=\"text-align: left;\"><span style=\"color: #0000ff;\">D\u1ef1 \u00c1n Saloun \u0111\u01b0\u1ee3c th\u1ef1c hi\u1ec7n b<span style=\"color: #0000ff;\">\u1eb1ng c\u00e1ch \u0111\u1eb7t 3 nh<\/span><\/span><span style=\"color: #0000ff;\">\u00f3m kh\u1ed1i b\u00ea t\u00f4ng &#8211; m\u1ed7i nh\u00f3m g\u1ed3m 10 kh\u1ed1i b\u00ea t\u00f4ng v\u1edbi chi\u1ec1u cao 0,80 m v\u00e0 chi\u1ec1u d\u00e0i theo h\u01b0\u1edbng th\u01b0\u1ee3ng l\u01b0u-h\u1ea1 l\u01b0u\u00a0: 1,10m &#8211; 1,25m &#8211; 1,35m l\u1ea7n l\u01b0\u1ee3t cho m\u1ed7i nh\u00f3m. Nh\u01b0 th\u1ebf 3 nh\u00f3m n\u00e0y s\u1ebd tu\u1ea7n t\u1ef1 b\u1eadt ra v\u1edbi l\u01b0u l\u01b0\u1ee3ng n\u01b0\u1edbc l\u0169 t\u1eeb 43 m<sup>3<\/sup>\/s <em>(trung b<\/em><em>\u00ecnh<\/em><em>: 7 n\u0103m\/l\u1ea7n)<\/em> \u0111\u1ebfn 114 m<sup>3<\/sup>\/s <em>(L\u01b0u l\u01b0\u1ee3ng n\u01b0\u1edbc l\u0169 t\u00ednh theo D\u1ef1 \u00c1n\u00a0: 150 m<sup>3<\/sup>\/s)<\/em>. V\u1edbi m\u1ee9c n\u01b0\u1edbc cao nh\u1ea5t kh\u00f4ng thay \u0111\u1ed5i \u0111\u1ed1i v\u1edbi<span style=\"color: #0000ff;\"> \u0111\u1ecba h<\/span><\/span><span style=\"color: #0000ff;\">\u00ecnh <\/span><span style=\"color: #0000ff;\"><span style=\"color: #0000ff;\">hi\u1ec7<\/span>n nay, v\u1ea5n \u0111\u1ec1 an to\u00e0n \u0111\u01b0\u1ee3c b\u1ea3o \u0111\u1ea3m v\u00e0 \u0111\u1eadp \u0111\u1ea5t c\u1ee7a<\/span><span style=\"color: #0000ff;\"><span style=\"color: #0000ff;\"> h\u1ed3 v\u1eabn nh\u01b0 c\u0169, kh\u00f4ng c\u1ea7n <\/span>c\u1ea3i bi\u1ebfn.<\/span><\/p>\n<p style=\"text-align: left;\"><span style=\"color: #0000ff;\">N\u00e2ng chi\u1ec1u cao h\u1ed3 ch\u1ee9a l\u00ean 0,80 m \u0111\u1ec3 t\u0103ng th\u00eam d<span style=\"color: #0000ff;\">ung t<\/span><\/span><span style=\"color: #0000ff;\">\u00edch h\u1ed3 ch\u1ee9a 30%, \u0111\u00e3 \u0111\u01b0\u1ee3c l\u1ef1a ch\u1ecdn \u0111\u1ec3 d\u1eabn n\u01b0\u1edbc \u0111\u1ebfn v\u00f9ng \u0111\u1ea5t canh t\u00e1c \u1edf h\u1ea1 l\u01b0u, v\u1edbi m\u1ee5c ti\u00eau n\u00e0y m\u1ed7i n\u0103m thu nh\u1eadp \u0111\u01b0\u1ee3c t\u0103ng th\u00eam t\u1eeb v\u1ee5 l\u00faa v\u00e0 b\u1eafp.<\/span><\/p>\n<p style=\"text-align: center;\"><a href=\"https:\/\/pontvk.org\/wp-content\/uploads\/2008\/05\/94.jpg\"><img loading=\"lazy\" decoding=\"async\" class=\"aligncenter size-full wp-image-3320\" alt=\"94\" src=\"https:\/\/pontvk.org\/wp-content\/uploads\/2008\/05\/94.jpg\" width=\"494\" height=\"330\" \/><\/a><span style=\"color: #0000ff;\">T\u1ec9nh B\u00ecnh Thu\u1eadn<\/span><\/p>\n<p style=\"text-align: center;\"><a href=\"https:\/\/pontvk.org\/wp-content\/uploads\/2008\/05\/95.jpg\"><img loading=\"lazy\" decoding=\"async\" class=\"aligncenter size-medium wp-image-3321\" alt=\"95\" src=\"https:\/\/pontvk.org\/wp-content\/uploads\/2008\/05\/95-500x328.jpg\" width=\"500\" height=\"328\" srcset=\"https:\/\/pontvk.org\/wp-content\/uploads\/2008\/05\/95-500x328.jpg 500w, https:\/\/pontvk.org\/wp-content\/uploads\/2008\/05\/95.jpg 503w\" sizes=\"auto, (max-width: 500px) 100vw, 500px\" \/><\/a><span style=\"color: #0000ff;\">\u0110\u1eadp N\u01b0\u1edbc Saloun<\/span><\/p>\n<p style=\"text-align: center;\"><a href=\"https:\/\/pontvk.org\/wp-content\/uploads\/2008\/05\/96.jpg\"><img loading=\"lazy\" decoding=\"async\" class=\"aligncenter size-medium wp-image-3322\" alt=\"96\" src=\"https:\/\/pontvk.org\/wp-content\/uploads\/2008\/05\/96-500x328.jpg\" width=\"500\" height=\"328\" srcset=\"https:\/\/pontvk.org\/wp-content\/uploads\/2008\/05\/96-500x328.jpg 500w, https:\/\/pontvk.org\/wp-content\/uploads\/2008\/05\/96.jpg 503w\" sizes=\"auto, (max-width: 500px) 100vw, 500px\" \/><\/a><span style=\"color: #0000ff;\">H\u00ecnh \u1ea3nh Kh\u1ed1i C\u1ea7u Ch\u00ec* tr\u01b0\u1edbc khi x\u00e2y c\u1ea7u b\u1eaft ngang hai b\u1edd **<\/span><\/p>\n<p style=\"text-align: center;\"><span style=\"color: #0000ff;\"><a href=\"https:\/\/pontvk.org\/wp-content\/uploads\/2008\/05\/97.jpg\"><img loading=\"lazy\" decoding=\"async\" class=\"aligncenter size-full wp-image-3323\" alt=\"97\" src=\"https:\/\/pontvk.org\/wp-content\/uploads\/2008\/05\/97.jpg\" width=\"494\" height=\"330\" \/><\/a><\/span><a href=\"https:\/\/pontvk.org\/wp-content\/uploads\/2008\/05\/98.jpg\"><img loading=\"lazy\" decoding=\"async\" class=\"aligncenter size-full wp-image-3324\" alt=\"98\" src=\"https:\/\/pontvk.org\/wp-content\/uploads\/2008\/05\/98.jpg\" width=\"426\" height=\"321\" \/><\/a>H\u00ecnh \u1ea3nh chi\u1ec1u cao c\u1ee7a \u0110\u1eadp Tr\u00e0n v\u1edbi 30 Kh\u1ed1i C\u1ea7u Ch\u00ec<\/p>\n<div class=\"MsoNormal\" style=\"text-align: center;\">\n<div class=\"MsoNormal\" style=\"text-align: center;\">\n<div style=\"text-align: center;\">\n<p><a href=\"https:\/\/pontvk.org\/wp-content\/uploads\/2008\/05\/99.jpg\"><img loading=\"lazy\" decoding=\"async\" class=\"aligncenter size-full wp-image-3325\" alt=\"99\" src=\"https:\/\/pontvk.org\/wp-content\/uploads\/2008\/05\/99.jpg\" width=\"426\" height=\"321\" \/><\/a>\u1ea2nh C\u1ea7u Ch\u00ec h\u01b0\u1edbng h\u1ea1 l\u01b0u<\/p>\n<p><a href=\"https:\/\/pontvk.org\/wp-content\/uploads\/2008\/05\/100.jpg\"><img loading=\"lazy\" decoding=\"async\" class=\"aligncenter size-full wp-image-3326\" alt=\"100\" src=\"https:\/\/pontvk.org\/wp-content\/uploads\/2008\/05\/100.jpg\" width=\"417\" height=\"321\" \/><\/a>C\u1ea7u Ch\u00ec h\u01b0\u1edbng th\u01b0\u1ee3ng l\u01b0u gi\u1eefa 2 t\u01b0\u1eddng ng\u0103n v\u00e0 \u0111\u1ec7m k\u00edn<\/p>\n<p><a href=\"https:\/\/pontvk.org\/wp-content\/uploads\/2008\/05\/101.jpg\"><img loading=\"lazy\" decoding=\"async\" class=\"aligncenter size-full wp-image-3327\" alt=\"101\" src=\"https:\/\/pontvk.org\/wp-content\/uploads\/2008\/05\/101.jpg\" width=\"282\" height=\"321\" \/><\/a>Kh\u1ed1i C\u1ea7u Ch\u00ec<\/p>\n<div style=\"text-align: center;\">\n<div style=\"text-align: center;\">\n<div style=\"text-align: right;\"><span style=\"color: #0000ff;\">Michel H\u1ed3 T\u00e1 Khanh<br \/>\nNov\u00a0\/2008 <\/span><\/div>\n<div style=\"text-align: left;\"><span style=\"color: #0000ff;\"><em><span style=\"text-decoration: underline;\">Ch\u00fa th\u00edch<\/span><\/em> :<\/span><\/div>\n<div style=\"text-align: left;\"><span style=\"color: #0000ff;\">* Kinh ph\u00ed x\u00e2y d\u1ef1ng\u00a0: 20.000 US$ &#8211; Th\u1eddi gian x\u00e2y d\u1ef1ng : 3 th\u00e1ng<\/span><\/div>\n<div style=\"text-align: left;\"><span style=\"color: #0000ff;\">** M\u1ed9t pal\u0103ng s\u1ebd \u0111\u01b0\u1ee3c g\u1eafn l\u00ean c\u00e2y c\u1ea7u ngang n\u00e0y \u0111\u1ec3 khi m\u1ed9t Kh\u1ed1i C\u1ea7u Ch\u00ec b\u1ecb b\u1eadt ra th\u00ec s\u1ebd \u0111\u01b0a 1 kh\u1ed1i c\u1ea7u ch\u00ec kh\u00e1c<em> (\u0111\u00e3 \u0111\u01b0\u1ee3c \u0111\u00fac s\u1eb5n) <\/em>thay v\u00e0o.<\/span><\/div>\n<div style=\"text-align: left;\"><span style=\"color: #0000ff;\">*** Tr\u1ea7n Quang \u0110ang &amp; Phan V\u00f5 Thu Phong chuy\u1ec3n ng\u1eef t\u1eeb b\u1ea3n b\u00e1o c\u00e1o b\u1eb1ng Ph\u00e1p v\u0103n\u00a0:<\/span><\/div>\n<div style=\"text-align: center;\"><span style=\"color: #0000ff;\"><strong> \u00ab\u00a0AMENAGEMENT DE SALOUN\u00a0 (Province de Binh Thu\u00e2n &#8211; Vietnam)<br \/>\nAugmentation du volume du r\u00e9servoir par blocs fusibles\u00a0\u00bb<\/strong><\/span><\/div>\n<div style=\"text-align: center;\"><span style=\"color: #0000ff;\">Michel<strong> <\/strong>H\u1ed3 T\u00e1 Khanh<\/span><\/div>\n<\/div>\n<\/div>\n<\/div>\n<\/div>\n<\/div>\n","protected":false},"excerpt":{"rendered":"<p>N\u00e2ng C\u1ea5p Dung T\u00edch \u0110\u1eadp Saloun &#8211; B\u00ecnh Thu\u1eadn Thi\u1ebft k\u1ebf theo m\u00f4 h\u00ecnh \u00abKh\u1ed1i C\u1ea7u Ch\u00ec\u00bb L\u1eddi gi\u1edbi thi\u1ec7u : Nh\u00f3m VK xin h\u00e2n h\u1ea1nh gi\u1edbi thi\u1ec7u v\u1edbi qu\u00ed v\u1ecb b\u1ea3n b\u00e1o c\u00e1o c\u1ee7a anh Michel H\u1ed3 T\u00e1 Khanh&hellip;<\/p>\n","protected":false},"author":2,"featured_media":0,"parent":21,"menu_order":5,"comment_status":"open","ping_status":"open","template":"","meta":{"footnotes":""},"class_list":["post-1024","page","type-page","status-publish","hentry"],"_links":{"self":[{"href":"https:\/\/pontvk.org\/index.php?rest_route=\/wp\/v2\/pages\/1024","targetHints":{"allow":["GET"]}}],"collection":[{"href":"https:\/\/pontvk.org\/index.php?rest_route=\/wp\/v2\/pages"}],"about":[{"href":"https:\/\/pontvk.org\/index.php?rest_route=\/wp\/v2\/types\/page"}],"author":[{"embeddable":true,"href":"https:\/\/pontvk.org\/index.php?rest_route=\/wp\/v2\/users\/2"}],"replies":[{"embeddable":true,"href":"https:\/\/pontvk.org\/index.php?rest_route=%2Fwp%2Fv2%2Fcomments&post=1024"}],"version-history":[{"count":7,"href":"https:\/\/pontvk.org\/index.php?rest_route=\/wp\/v2\/pages\/1024\/revisions"}],"predecessor-version":[{"id":3417,"href":"https:\/\/pontvk.org\/index.php?rest_route=\/wp\/v2\/pages\/1024\/revisions\/3417"}],"up":[{"embeddable":true,"href":"https:\/\/pontvk.org\/index.php?rest_route=\/wp\/v2\/pages\/21"}],"wp:attachment":[{"href":"https:\/\/pontvk.org\/index.php?rest_route=%2Fwp%2Fv2%2Fmedia&parent=1024"}],"curies":[{"name":"wp","href":"https:\/\/api.w.org\/{rel}","templated":true}]}}