{"id":12,"date":"2008-05-11T23:51:33","date_gmt":"2008-05-11T16:51:33","guid":{"rendered":"http:\/\/cauvk.org\/?page_id=12"},"modified":"2025-04-25T04:19:15","modified_gmt":"2025-04-24T21:19:15","slug":"cac-gd-thuchien-1-cay-cau","status":"publish","type":"page","link":"https:\/\/pontvk.org\/?page_id=12","title":{"rendered":"Th\u01b0 ng\u1ecf \u0111\u1ec1 ngh\u1ecb x\u00e2y c\u1ea7u"},"content":{"rendered":"<p><span style=\"color: #ff0000;\"><strong>1. Ti\u1ebfp nh\u1eadn th\u00f4ng tin:<\/strong><\/span><\/p>\n<p><span style=\"color: #000080;\">Ng\u01b0\u1eddi d\u00e2n ho\u1eb7c nh\u1eefng ng\u01b0\u1eddi c\u00f3 tr\u00e1ch nhi\u1ec7m t\u1ea1i \u0111\u1ecba ph\u01b0\u01a1ng nh\u01b0 Ban l\u00e3nh \u0111\u1ea1o, ch\u00ednh quy\u1ec1n \u0111\u1ecba ph\u01b0\u01a1ng, hi\u1ec7u tr\u01b0\u1edfng tr\u01b0\u1eddng h\u1ecdc, c\u00e1c nh\u00f3m c\u01b0 d\u00e2n, l\u00e3nh \u0111\u1ea1o t\u00f4n gi\u00e1o, ch\u1ee7 t\u1ecbch c\u00e1c hi\u1ec7p h\u1ed9i, li\u00ean l\u1ea1c v\u00e0 tr\u00ecnh b\u00e0y nhu c\u1ea7u v\u1edbi c\u00e1c th\u00e0nh vi\u00ean \u0111\u1ea1i di\u1ec7n Nh\u00f3m VK t\u1ea1i:<\/span><br \/> <strong><span style=\"color: #ff0000;\">V\u0103n ph\u00f2ng Nh\u00f3m VK: <\/span><\/strong><br \/><span style=\"color: #000080;\">47\/5A Qu\u1ed1c L\u1ed9 22, \u1ea5p 3, x\u00e3 Xu\u00e2n Th\u1edbi S\u01a1n, huy\u1ec7n H\u00f3c M\u00f4n, Tp.HCM<\/span><\/p>\n<p><span style=\"color: #000080;\">\u0110i\u1ec7n tho\u1ea1i: 0913 628 714 (C.Thu) &#8211; 0938 753 262 (A.\u0110\u1ea1t)<\/span><\/p>\n<p><span style=\"color: #000080;\">0939 650 909 (A.V\u00e2n) (\u0110\u1ea1i di\u1ec7n khu v\u1ef1c mi\u1ec1n T\u00e2y)<br \/><\/span><\/p>\n<p><span style=\"color: #000080;\">Email: nhomvkxaycaunongthon@gmail.com<\/span><\/p>\n<p><span style=\"color: #ff0000;\"><strong>\u00a0<\/strong><\/span><span style=\"color: #ff0000;\"><strong>2. Kh\u1ea3o s\u00e1t th\u1ef1c t\u1ebf v\u00e0 l\u1eadp b\u1ea3n thi\u1ebft k\u1ebf:<\/strong><\/span><\/p>\n<p><span style=\"color: #000080;\">Nh\u00f3m VK kh\u1ea3o s\u00e1t \u0111\u1ecba \u0111i\u1ec3m, \u0111i\u1ec1u ki\u1ec7n sinh s\u1ed1ng, nhu c\u1ea7u thi\u1ebft y\u1ebfu c\u1ee7a ng\u01b0\u1eddi d\u00e2n t\u1ea1i \u0111\u1ecba ph\u01b0\u01a1ng, s\u1ed1 ng\u01b0\u1eddi \u0111i l\u1ea1i h\u00e0ng ng\u00e0y qua c\u00e2y c\u1ea7u. <\/span><br \/><span style=\"color: #000080;\">Sau khi \u0111o \u0111\u1ea1c d\u1ef1 \u00e1n, Nh\u00f3m VK l\u1eadp b\u1ea3n v\u1ebd thi\u1ebft k\u1ebf k\u1ef9 thu\u1eadt, b\u1ea3ng chi\u1ebft t\u00ednh t\u1ed5ng gi\u00e1 tr\u1ecb c\u00f4ng tr\u00ecnh v\u00e0 g\u1eedi \u0111\u1ebfn Ban l\u00e3nh \u0111\u1ea1o UBND x\u00e3.<\/span><\/p>\n<p><br \/><span style=\"color: #ff0000;\"><strong>3. \u0110\u01a1n \u0111\u1ec1 ngh\u1ecb x\u00e2y c\u1ea7u:<\/strong><\/span><\/p>\n<p><span style=\"color: #000080;\">Bao g\u1ed3m \u0111\u1ecba \u0111i\u1ec3m, v\u1ecb tr\u00ed \u0111\u1ec1 ngh\u1ecb h\u1ed7 tr\u1ee3 x\u00e2y d\u1ef1ng c\u00e2y c\u1ea7u, n\u00eau r\u00f5 l\u00fd do sao c\u1ea7n x\u00e2y d\u1ef1ng c\u00e2y c\u1ea7u, s\u1ed1 l\u01b0\u1ee3ng ng\u01b0\u1eddi d\u00e2n c\u00f3 nhu c\u1ea7u thi\u1ebft y\u1ebfu, h\u00e0ng ng\u00e0y \u0111i qua c\u00e2y c\u1ea7u v\u00e0 n\u1ed7i b\u1ee9c x\u00fac c\u1ee7a ng\u01b0\u1eddi d\u00e2n \u0111\u1ecba ph\u01b0\u01a1ng&#8230;<\/span><\/p>\n<p><span style=\"color: #ff0000;\"><strong>4. Ph\u01b0\u01a1ng th\u1ee9c v\u1eadn \u0111\u1ed9ng, \u0111\u00f3ng g\u00f3p kinh ph\u00ed x\u00e2y d\u1ef1ng:<\/strong><\/span><\/p>\n<p><span style=\"color: #000080;\">V\u1edbi ti\u00eau ch\u00ed &#8221; Nh\u00e0 n\u01b0\u1edbc v\u00e0 nh\u00e2n d\u00e2n c\u00f9ng l\u00e0m&#8221;:<\/span><\/p>\n<p><span style=\"color: #000080;\">&#8211; \u00a0\u1ee6y ban nh\u00e2n d\u00e2n x\u00e3 \u0111\u00f3ng g\u00f3p: 50% kinh ph\u00ed x\u00e2y d\u1ef1ng c\u00e2y c\u1ea7u<\/span><\/p>\n<p><span style=\"color: #000080;\">&#8211; \u00a0Nh\u00f3m VK x\u00e2y c\u1ea7u n\u00f4ng th\u00f4n v\u1eadn \u0111\u1ed9ng: 50% kinh ph\u00ed x\u00e2y d\u1ef1ng c\u00e2y c\u1ea7u.<\/span><\/p>\n<p><span style=\"color: #000080;\">Khi \u0111\u1ee7 kinh ph\u00ed x\u00e2y c\u1ea7u, Nh\u00f3m VK c\u00f9ng UBND x\u00e3 c\u00f9ng nhau b\u00e0n b\u1ea1c, th\u1ed1ng nh\u1ea5t c\u00e1c n\u1ed9i dung, k\u00ed k\u1ebft h\u1ee3p \u0111\u1ed3ng thi c\u00f4ng v\u00e0 \u0111\u1ecbnh ng\u00e0y kh\u1edfi c\u00f4ng.<\/span><\/p>\n<p><span style=\"color: #ff0000;\"><strong>5. Kh\u1edfi c\u00f4ng:<\/strong><\/span><\/p>\n<p><span style=\"color: #000080;\">&#8211; \u0110\u1ed9i thi c\u00f4ng c\u1ee7a Nh\u00f3m VK (g\u1ed3m 5 \u2013 7 ng\u01b0\u1eddi) di chuy\u1ec3n \u0111\u1ebfn c\u00f4ng tr\u00ecnh b\u1eb1ng 02 chi\u1ebfc ghe. Tr\u00ean ghe c\u00f3 \u0111\u1ea7y \u0111\u1ee7 trang thi\u1ebft b\u1ecb x\u00e2y c\u1ea7u.<\/span><\/p>\n<p><span style=\"color: #000080;\">&#8211; UBND x\u00e3 c\u00f3 tr\u00e1ch nhi\u1ec7m gi\u1ea3i t\u1ecfa m\u1eb7t b\u1eb1ng thi c\u00f4ng tr\u01b0\u1edbc khi \u0111\u1ed9i thi c\u00f4ng Nh\u00f3m VK \u0111\u1ebfn, \u0111\u1ed3ng th\u1eddi s\u1eafp x\u1ebfp v\u1ecb tr\u00ed t\u1eadp k\u1ebft v\u1eadt t\u01b0 x\u00e2y d\u1ef1ng c\u0169ng nh\u01b0 ch\u1ed7 \u1edf cho \u0111\u1ed9i thi c\u00f4ng.<\/span><\/p>\n<p><span style=\"color: #ff0000;\"><strong>6. Gi\u00e1m s\u00e1t:<\/strong><\/span><\/p>\n<p><span style=\"color: #000080;\">Vi\u1ec7c theo d\u00f5i c\u00e1c giai \u0111o\u1ea1n x\u00e2y c\u1ea7u s\u1ebd do Nh\u00f3m VK \u0111\u1ea3m nhi\u1ec7m, \u0111\u1ed3ng th\u1eddi c\u00f3 ng\u01b0\u1eddi d\u00e2n xung quanh khu v\u1ef1c x\u00e2y c\u1ea7u.<\/span><\/p>\n<p><span style=\"color: #ff0000;\"><strong>7. Ho\u00e0n th\u00e0nh:<\/strong><\/span><\/p>\n<p><span style=\"color: #000080;\">Sau khi c\u00e2y c\u1ea7u \u0111\u01b0\u1ee3c ho\u00e0n th\u00e0nh, Nh\u00f3m VK c\u00f9ng UBND x\u00e3 k\u00ed k\u1ebft bi\u00ean b\u1ea3n nghi\u1ec7m thu c\u00f4ng tr\u00ecnh v\u00e0 \u0111\u01b0a v\u00e0o s\u1eed d\u1ee5ng.<\/span><\/p>\n<p><span style=\"color: #000080;\">UBND x\u00e3 c\u00f3 tr\u00e1ch nhi\u1ec7m b\u1ea3o qu\u1ea3n c\u00e2y c\u1ea7u th\u1eadt t\u1ed1t, ph\u1ee5c v\u1ee5 cho b\u00e0 con \u0111\u1ecba ph\u01b0\u01a1ng.<\/span><\/p>\n<p><span style=\"color: #ff0000;\"><strong>8. Kh\u00e1nh th\u00e0nh:<\/strong><\/span><\/p>\n<p><span style=\"color: #000080;\">L\u1ec5 kh\u00e1nh th\u00e0nh c\u00e2y c\u1ea7u c\u00f9ng v\u1edbi s\u1ef1 tham gia c\u1ee7a ch\u00ednh quy\u1ec1n \u0111\u1ecba ph\u01b0\u01a1ng, c\u00e1c nh\u00e0 t\u00e0i tr\u1ee3, b\u1ea1n b\u00e8 th\u00e2n h\u1eefu Nh\u00f3m VK, b\u00e0 con \u0111\u1ecba ph\u01b0\u01a1ng.<\/span><\/p>\n<p><span style=\"color: #ff0000;\"><strong>9. B\u1ea3o h\u00e0nh:<\/strong><\/span><\/p>\n<p><span style=\"color: #000080;\">Nh\u00f3m VK th\u1ef1c hi\u1ec7n x\u00e2y c\u1ea7u, b\u1ea3o \u0111\u1ea3m an to\u00e0n c\u00e2y c\u1ea7u trong m\u1ed9t th\u1eddi h\u1ea1n l\u00e0 3 n\u0103m (ngo\u1ea1i tr\u1eeb c\u00e1c tr\u01b0\u1eddng h\u1ee3p va ch\u1ea1m do t\u00e0u, xu\u1ed3ng, c\u00e1c ph\u01b0\u01a1ng ti\u1ec7n giao th\u00f4ng qu\u00e1 t\u1ea3i tr\u1ecdng quy \u0111\u1ecbnh).<\/span><\/p>\n<p><span style=\"color: #ff0000;\"><strong>10. B\u1ea3o d\u01b0\u1ee1ng:<\/strong><\/span><\/p>\n<p><span style=\"color: #000080;\">Vi\u1ec7c g\u00ecn gi\u1eef, b\u1ea3o v\u1ec7 v\u00e0 duy tu b\u1ea3o d\u01b0\u1ee1ng c\u00e2y c\u1ea7u s\u1ebd do ch\u00ednh quy\u1ec1n v\u00e0 b\u00e0 con \u0111\u1ecba ph\u01b0\u01a1ng \u0111\u1ea3m nhi\u1ec7m.<\/span><\/p>\n<p style=\"text-align: center;\"><span style=\"color: #0000ff;\"><a href=\"https:\/\/pontvk.org\/wp-content\/uploads\/2008\/06\/VK.44.jpg\"><img loading=\"lazy\" decoding=\"async\" class=\"aligncenter size-medium wp-image-3248\" src=\"https:\/\/pontvk.org\/wp-content\/uploads\/2008\/06\/VK.44-500x328.jpg\" alt=\"VK.44\" width=\"500\" height=\"328\" srcset=\"https:\/\/pontvk.org\/wp-content\/uploads\/2008\/06\/VK.44-500x328.jpg 500w, https:\/\/pontvk.org\/wp-content\/uploads\/2008\/06\/VK.44.jpg 503w\" sizes=\"auto, (max-width: 500px) 100vw, 500px\" \/><\/a><em>C\u1ea7u VK.44 d\u00e0i 45m thu\u1ed9c x\u00e3 T\u00e2n H\u01b0ng, huy\u1ec7n C\u00e1i B\u00e8, t\u1ec9nh Ti\u1ec1n Giang<br \/>(Ho\u00e0n th\u00e0nh: 28\/07\/2007)<\/em><\/span><\/p>\n<p style=\"text-align: center;\"><span style=\"color: #0000ff;\"><a href=\"https:\/\/pontvk.org\/wp-content\/uploads\/2008\/06\/VK.11.jpg\"><img loading=\"lazy\" decoding=\"async\" class=\"aligncenter size-medium wp-image-3245\" src=\"https:\/\/pontvk.org\/wp-content\/uploads\/2008\/06\/VK.11-500x309.jpg\" alt=\"VK.11\" width=\"500\" height=\"309\" srcset=\"https:\/\/pontvk.org\/wp-content\/uploads\/2008\/06\/VK.11-500x309.jpg 500w, https:\/\/pontvk.org\/wp-content\/uploads\/2008\/06\/VK.11.jpg 503w\" sizes=\"auto, (max-width: 500px) 100vw, 500px\" \/><\/a><em>L\u1ec5 kh\u00e1nh th\u00e0nh c\u1ea7u VK.11 d\u00e0i 20m t\u1ea1i x\u00e3 Ng\u1ea3i \u0110\u0103ng, huy\u1ec7n M\u1ecf C\u00e0y, t\u1ec9nh B\u1ebfn Tre<br \/>V\u1edbi s\u1ef1 hi\u1ec7n di\u1ec7n c\u1ee7a Vi\u1ec7t Ki\u1ec1u, th\u1ebf h\u1ec7 2 v\u00e0 th\u1ebf h\u1ec7 3 c\u00f9ng \u0111\u00f4ng \u0111\u1ea3o th\u00e2n h\u1eefu qu\u1ed1c t\u1ebf.<\/em><\/span><\/p>\n\n\n<p><\/p>\n","protected":false},"excerpt":{"rendered":"<p>1. Ti\u1ebfp nh\u1eadn th\u00f4ng tin: Ng\u01b0\u1eddi d\u00e2n ho\u1eb7c nh\u1eefng ng\u01b0\u1eddi c\u00f3 tr\u00e1ch nhi\u1ec7m t\u1ea1i \u0111\u1ecba ph\u01b0\u01a1ng nh\u01b0 Ban l\u00e3nh \u0111\u1ea1o, ch\u00ednh quy\u1ec1n \u0111\u1ecba ph\u01b0\u01a1ng, hi\u1ec7u tr\u01b0\u1edfng tr\u01b0\u1eddng h\u1ecdc, c\u00e1c nh\u00f3m c\u01b0 d\u00e2n, l\u00e3nh \u0111\u1ea1o t\u00f4n gi\u00e1o, ch\u1ee7 t\u1ecbch c\u00e1c hi\u1ec7p&hellip;<\/p>\n","protected":false},"author":1,"featured_media":0,"parent":11,"menu_order":2,"comment_status":"closed","ping_status":"open","template":"","meta":{"footnotes":""},"class_list":["post-12","page","type-page","status-publish","hentry"],"_links":{"self":[{"href":"https:\/\/pontvk.org\/index.php?rest_route=\/wp\/v2\/pages\/12","targetHints":{"allow":["GET"]}}],"collection":[{"href":"https:\/\/pontvk.org\/index.php?rest_route=\/wp\/v2\/pages"}],"about":[{"href":"https:\/\/pontvk.org\/index.php?rest_route=\/wp\/v2\/types\/page"}],"author":[{"embeddable":true,"href":"https:\/\/pontvk.org\/index.php?rest_route=\/wp\/v2\/users\/1"}],"replies":[{"embeddable":true,"href":"https:\/\/pontvk.org\/index.php?rest_route=%2Fwp%2Fv2%2Fcomments&post=12"}],"version-history":[{"count":10,"href":"https:\/\/pontvk.org\/index.php?rest_route=\/wp\/v2\/pages\/12\/revisions"}],"predecessor-version":[{"id":6998,"href":"https:\/\/pontvk.org\/index.php?rest_route=\/wp\/v2\/pages\/12\/revisions\/6998"}],"up":[{"embeddable":true,"href":"https:\/\/pontvk.org\/index.php?rest_route=\/wp\/v2\/pages\/11"}],"wp:attachment":[{"href":"https:\/\/pontvk.org\/index.php?rest_route=%2Fwp%2Fv2%2Fmedia&parent=12"}],"curies":[{"name":"wp","href":"https:\/\/api.w.org\/{rel}","templated":true}]}}