{"id":1623,"date":"2010-01-17T17:46:26","date_gmt":"2010-01-17T10:46:26","guid":{"rendered":"http:\/\/pontvk.org\/?page_id=1623"},"modified":"2011-12-21T23:17:29","modified_gmt":"2011-12-21T16:17:29","slug":"ch%c6%b0%c6%a1ng-trinh-nhom-vk-nam-201","status":"publish","type":"page","link":"https:\/\/pontvk.org\/?page_id=1623","title":{"rendered":"Ch\u01b0\u01a1ng Tr\u00ecnh Nh\u00f3m VK N\u0103m 2012"},"content":{"rendered":"<p><span style=\"color: #0000ff;\"><img loading=\"lazy\" decoding=\"async\" title=\"Symbol VK\" src=\"http:\/\/pontvk.org\/www\/files\/2009\/01\/Symbol-VK-500x124.jpg\" alt=\"Symbol VK\" width=\"500\" height=\"124\" \/><\/span><\/p>\n<h2 style=\"text-align: center;\"><span style=\"color: #ff0000;\">Ch\u01b0\u01a1ng Tr\u00ecnh Nh\u00f3m VK. N\u0103m 2012<\/span><\/h2>\n<table style=\"width: 512px; height: 280px;\" border=\"1\" cellspacing=\"0\" cellpadding=\"0\">\n<tbody>\n<tr style=\"text-align: center;\">\n<td width=\"60\" valign=\"bottom\"><strong><span style=\"color: #ff00ff;\">N\u00b0<\/span><\/strong><\/td>\n<td width=\"88\" valign=\"bottom\"><strong><span style=\"color: #ff00ff;\">X\u00e3<\/span><\/strong><\/td>\n<td width=\"68\" valign=\"bottom\"><strong><span style=\"color: #ff00ff;\">Huy\u1ec7n<\/span><\/strong><\/td>\n<td width=\"72\" valign=\"bottom\"><strong><span style=\"color: #ff00ff;\">T\u1ec9nh<\/span><\/strong><\/td>\n<td width=\"72\" valign=\"bottom\"><strong><span style=\"color: #ff00ff;\">D\u00e0i\/R\u1ed9ng<\/span><\/strong><\/td>\n<td width=\"48\" valign=\"bottom\"><strong><span style=\"color: #ff00ff;\">T\u1ea3i<\/span><\/strong><\/td>\n<td width=\"88\" valign=\"bottom\"><strong><span style=\"color: #ff00ff;\">Ho\u00e0n th\u00e0nh<\/span><\/strong><\/td>\n<\/tr>\n<tr style=\"text-align: center;\">\n<td width=\"60\" valign=\"top\"><\/td>\n<td width=\"88\" valign=\"top\"><\/td>\n<td width=\"68\" valign=\"top\"><\/td>\n<td width=\"72\" valign=\"top\"><\/td>\n<td width=\"72\" valign=\"top\"><\/td>\n<td width=\"48\" valign=\"top\"><\/td>\n<td width=\"88\" valign=\"top\"><\/td>\n<\/tr>\n<tr style=\"text-align: center;\">\n<td width=\"60\" valign=\"top\"><\/td>\n<td width=\"88\" valign=\"top\"><\/td>\n<td width=\"68\" valign=\"top\"><\/td>\n<td width=\"72\" valign=\"top\"><\/td>\n<td width=\"72\" valign=\"top\"><\/td>\n<td width=\"48\" valign=\"top\"><\/td>\n<td width=\"88\" valign=\"top\"><\/td>\n<\/tr>\n<tr style=\"text-align: center;\">\n<td width=\"60\" valign=\"top\"><\/td>\n<td width=\"88\" valign=\"top\"><\/td>\n<td width=\"68\" valign=\"top\"><\/td>\n<td width=\"72\" valign=\"top\"><\/td>\n<td width=\"72\" valign=\"top\"><\/td>\n<td width=\"48\" valign=\"top\"><\/td>\n<td width=\"88\" valign=\"top\"><\/td>\n<\/tr>\n<tr style=\"text-align: center;\">\n<td width=\"60\" valign=\"top\"><\/td>\n<td width=\"88\" valign=\"top\"><\/td>\n<td width=\"68\" valign=\"top\"><\/td>\n<td width=\"72\" valign=\"top\"><\/td>\n<td width=\"72\" valign=\"top\"><\/td>\n<td width=\"48\" valign=\"top\"><\/td>\n<td width=\"88\" valign=\"top\"><\/td>\n<\/tr>\n<tr style=\"text-align: center;\">\n<td width=\"60\" valign=\"top\"><\/td>\n<td width=\"88\" valign=\"top\"><\/td>\n<td width=\"68\" valign=\"top\"><\/td>\n<td width=\"72\" valign=\"top\"><\/td>\n<td width=\"72\" valign=\"top\"><\/td>\n<td width=\"48\" valign=\"top\"><\/td>\n<td width=\"88\" valign=\"top\"><\/td>\n<\/tr>\n<tr style=\"text-align: center;\">\n<td width=\"60\" valign=\"top\"><\/td>\n<td width=\"88\" valign=\"top\"><\/td>\n<td width=\"68\" valign=\"top\"><\/td>\n<td width=\"72\" valign=\"top\"><\/td>\n<td width=\"72\" valign=\"top\"><\/td>\n<td width=\"48\" valign=\"top\"><\/td>\n<td width=\"88\" valign=\"top\"><\/td>\n<\/tr>\n<tr style=\"text-align: center;\">\n<td width=\"60\" valign=\"top\"><\/td>\n<td width=\"88\" valign=\"top\"><\/td>\n<td width=\"68\" valign=\"top\"><\/td>\n<td width=\"72\" valign=\"top\"><\/td>\n<td width=\"72\" valign=\"top\"><\/td>\n<td width=\"48\" valign=\"top\"><\/td>\n<td width=\"88\" valign=\"top\"><\/td>\n<\/tr>\n<tr style=\"text-align: center;\">\n<td width=\"60\" valign=\"top\"><\/td>\n<td width=\"88\" valign=\"top\"><\/td>\n<td width=\"68\" valign=\"top\"><\/td>\n<td width=\"72\" valign=\"top\"><\/td>\n<td width=\"72\" valign=\"top\"><\/td>\n<td width=\"48\" valign=\"top\"><\/td>\n<td width=\"88\" valign=\"top\"><\/td>\n<\/tr>\n<tr style=\"text-align: center;\">\n<td width=\"60\" valign=\"top\"><\/td>\n<td width=\"88\" valign=\"top\"><\/td>\n<td width=\"68\" valign=\"top\"><\/td>\n<td width=\"72\" valign=\"top\"><\/td>\n<td width=\"72\" valign=\"top\"><\/td>\n<td width=\"48\" valign=\"top\"><\/td>\n<td width=\"88\" valign=\"top\"><\/td>\n<\/tr>\n<tr style=\"text-align: center;\">\n<td width=\"60\" valign=\"top\"><\/td>\n<td width=\"88\" valign=\"top\"><\/td>\n<td width=\"68\" valign=\"top\"><\/td>\n<td width=\"72\" valign=\"top\"><\/td>\n<td width=\"72\" valign=\"top\"><\/td>\n<td width=\"48\" valign=\"top\"><\/td>\n<td width=\"88\" valign=\"top\"><\/td>\n<\/tr>\n<tr style=\"text-align: center;\">\n<td width=\"60\" valign=\"top\"><\/td>\n<td width=\"88\" valign=\"top\"><\/td>\n<td width=\"68\" valign=\"top\"><\/td>\n<td width=\"72\" valign=\"top\"><\/td>\n<td width=\"72\" valign=\"top\"><\/td>\n<td width=\"48\" valign=\"top\"><\/td>\n<td width=\"88\" valign=\"top\"><\/td>\n<\/tr>\n<tr style=\"text-align: center;\">\n<td width=\"60\" valign=\"top\"><\/td>\n<td width=\"88\" valign=\"bottom\"><\/td>\n<td width=\"68\" valign=\"bottom\"><\/td>\n<td width=\"72\" valign=\"bottom\"><\/td>\n<td width=\"72\" valign=\"bottom\"><\/td>\n<td width=\"48\" valign=\"bottom\"><\/td>\n<td width=\"88\" valign=\"top\"><\/td>\n<\/tr>\n<\/tbody>\n<\/table>\n","protected":false},"excerpt":{"rendered":"<p>Ch\u01b0\u01a1ng Tr\u00ecnh Nh\u00f3m VK. N\u0103m 2012 N\u00b0 X\u00e3 Huy\u1ec7n T\u1ec9nh D\u00e0i\/R\u1ed9ng T\u1ea3i Ho\u00e0n th\u00e0nh<\/p>\n","protected":false},"author":2,"featured_media":0,"parent":11,"menu_order":13,"comment_status":"open","ping_status":"open","template":"","meta":{"footnotes":""},"class_list":["post-1623","page","type-page","status-publish","hentry"],"_links":{"self":[{"href":"https:\/\/pontvk.org\/index.php?rest_route=\/wp\/v2\/pages\/1623","targetHints":{"allow":["GET"]}}],"collection":[{"href":"https:\/\/pontvk.org\/index.php?rest_route=\/wp\/v2\/pages"}],"about":[{"href":"https:\/\/pontvk.org\/index.php?rest_route=\/wp\/v2\/types\/page"}],"author":[{"embeddable":true,"href":"https:\/\/pontvk.org\/index.php?rest_route=\/wp\/v2\/users\/2"}],"replies":[{"embeddable":true,"href":"https:\/\/pontvk.org\/index.php?rest_route=%2Fwp%2Fv2%2Fcomments&post=1623"}],"version-history":[{"count":18,"href":"https:\/\/pontvk.org\/index.php?rest_route=\/wp\/v2\/pages\/1623\/revisions"}],"predecessor-version":[{"id":1625,"href":"https:\/\/pontvk.org\/index.php?rest_route=\/wp\/v2\/pages\/1623\/revisions\/1625"}],"up":[{"embeddable":true,"href":"https:\/\/pontvk.org\/index.php?rest_route=\/wp\/v2\/pages\/11"}],"wp:attachment":[{"href":"https:\/\/pontvk.org\/index.php?rest_route=%2Fwp%2Fv2%2Fmedia&parent=1623"}],"curies":[{"name":"wp","href":"https:\/\/api.w.org\/{rel}","templated":true}]}}